{"id":1228,"date":"2024-01-09T08:20:06","date_gmt":"2024-01-09T08:20:06","guid":{"rendered":"https:\/\/gramentheme.com\/wp\/gramen\/?page_id=1228"},"modified":"2024-05-18T15:04:55","modified_gmt":"2024-05-18T15:04:55","slug":"project-details","status":"publish","type":"page","link":"https:\/\/lemezmunka.com\/index.php\/project-details\/","title":{"rendered":"Project Details"},"content":{"rendered":"\t\t<div data-elementor-type=\"wp-page\" data-elementor-id=\"1228\" class=\"elementor elementor-1228\" data-elementor-post-type=\"page\">\n\t\t\t\t<div class=\"elementor-element elementor-element-6d67a86 e-flex e-con-boxed e-con e-parent\" data-id=\"6d67a86\" data-element_type=\"container\" data-e-type=\"container\">\n\t\t\t\t\t<div class=\"e-con-inner\">\n\t\t\t\t<div class=\"elementor-element elementor-element-10752bf elementor-widget elementor-widget-image\" data-id=\"10752bf\" data-element_type=\"widget\" data-e-type=\"widget\" data-widget_type=\"image.default\">\n\t\t\t\t\t\t\t\t\t\t\t\t\t\t\t<img fetchpriority=\"high\" decoding=\"async\" width=\"640\" height=\"301\" src=\"https:\/\/lemezmunka.com\/wp-content\/uploads\/2023\/12\/project-details-1-1024x481.jpg\" class=\"attachment-large size-large wp-image-80\" alt=\"\" srcset=\"https:\/\/lemezmunka.com\/wp-content\/uploads\/2023\/12\/project-details-1-1024x481.jpg 1024w, https:\/\/lemezmunka.com\/wp-content\/uploads\/2023\/12\/project-details-1-300x141.jpg 300w, https:\/\/lemezmunka.com\/wp-content\/uploads\/2023\/12\/project-details-1-768x361.jpg 768w, https:\/\/lemezmunka.com\/wp-content\/uploads\/2023\/12\/project-details-1.jpg 1170w\" sizes=\"(max-width: 640px) 100vw, 640px\" \/>\t\t\t\t\t\t\t\t\t\t\t\t\t\t\t<\/div>\n\t\t\t\t\t<\/div>\n\t\t\t\t<\/div>\n\t\t<div class=\"elementor-element elementor-element-dcdc8d5 e-flex e-con-boxed e-con e-parent\" data-id=\"dcdc8d5\" data-element_type=\"container\" data-e-type=\"container\">\n\t\t\t\t\t<div class=\"e-con-inner\">\n\t\t<div class=\"elementor-element elementor-element-25e5173 e-con-full e-flex e-con e-child\" data-id=\"25e5173\" data-element_type=\"container\" data-e-type=\"container\">\n\t\t\t\t<div class=\"elementor-element elementor-element-7978e10 elementor-widget elementor-widget-project_info_widget\" data-id=\"7978e10\" data-element_type=\"widget\" data-e-type=\"widget\" data-widget_type=\"project_info_widget.default\">\n\t\t\t\t<div class=\"elementor-widget-container\">\n\t\t\t\t\t\r\n\r\n\t <script>\r\n jQuery(document).ready(function($) {\r\n\r\n\/\/write js code under this line \r\n\r\n\r\n\/\/write code above the line \r\n\r\n  });\r\n<\/script> <div class=\"project-details-page-content\">\r\n\t<div class=\"project-info\">\r\n\t\t\t\t<h6><span>Year:<\/span> 2022-2023<\/h6>\r\n\t\t\t\t<h6><span>Client:<\/span> Robert Fox<\/h6>\r\n\t\t\t\t<h6><span>Category:<\/span> Roof Renovation<\/h6>\r\n\t\t\t\t<h6><span>Location:<\/span> Fot kde, USA<\/h6>\r\n\t\t\t<\/div>\r\n<\/div>            \r\n\t\t\t\t\t\t<\/div>\n\t\t\t\t<\/div>\n\t\t\t\t<div class=\"elementor-element elementor-element-cefc3d2 elementor-widget elementor-widget-heading\" data-id=\"cefc3d2\" data-element_type=\"widget\" data-e-type=\"widget\" data-widget_type=\"heading.default\">\n\t\t\t\t\t<h4 class=\"elementor-heading-title elementor-size-default\">Here To know about this project<\/h4>\t\t\t\t<\/div>\n\t\t\t\t<div class=\"elementor-element elementor-element-6433d7a elementor-widget elementor-widget-text-editor\" data-id=\"6433d7a\" data-element_type=\"widget\" data-e-type=\"widget\" data-widget_type=\"text-editor.default\">\n\t\t\t\t\t\t\t\t\t<p>The is ipsum dolor sit amet consectetur adipiscing elit. Fusce is eleifend porta arcu In hac habitasse the platea thelorem turpoi dictumst. In lacus libero faucibus malesuada sagittis placerat eros sed istincidunt augue ac ante rutrum sed the is sodales augue consequat.<\/p>\t\t\t\t\t\t\t\t<\/div>\n\t\t\t\t<div class=\"elementor-element elementor-element-1b360f6 elementor-widget elementor-widget-text-editor\" data-id=\"1b360f6\" data-element_type=\"widget\" data-e-type=\"widget\" data-widget_type=\"text-editor.default\">\n\t\t\t\t\t\t\t\t\t<div><div>lacus sed pretium pretium justo. Integer is vitae venenatis lorem. Maecenas lacinia turpis the in nunc quam hendrerit scelerisque at finibus enim sagittis. Aliquam erat is volutpat nam nec purus at is orci volutpat semper vel id turpis In a malesuada arcu ac hendrerit.<\/div><\/div>\t\t\t\t\t\t\t\t<\/div>\n\t\t\t\t<div class=\"elementor-element elementor-element-4b38166 elementor-widget elementor-widget-heading\" data-id=\"4b38166\" data-element_type=\"widget\" data-e-type=\"widget\" data-widget_type=\"heading.default\">\n\t\t\t\t\t<h4 class=\"elementor-heading-title elementor-size-default\">The Challenge Of Project<\/h4>\t\t\t\t<\/div>\n\t\t\t\t<div class=\"elementor-element elementor-element-a94d35f elementor-widget elementor-widget-text-editor\" data-id=\"a94d35f\" data-element_type=\"widget\" data-e-type=\"widget\" data-widget_type=\"text-editor.default\">\n\t\t\t\t\t\t\t\t\t<p>lacus sed pretium pretium justo. Integer vitae venenatis lorem. Maecenas lacinia turpis the in nunc quam hendrerit scelerisque at finibus enim sagittis. Aliquam erat is volutpat nam nec purus at is orci volutpat is semper vel id turpis In a malesuada arcu ac hendrerit metus.<\/p>\t\t\t\t\t\t\t\t<\/div>\n\t\t<div class=\"elementor-element elementor-element-5aa2a37 e-flex e-con-boxed e-con e-child\" data-id=\"5aa2a37\" data-element_type=\"container\" data-e-type=\"container\">\n\t\t\t\t\t<div class=\"e-con-inner\">\n\t\t<div class=\"elementor-element elementor-element-b0a8168 e-con-full e-flex e-con e-child\" data-id=\"b0a8168\" data-element_type=\"container\" data-e-type=\"container\">\n\t\t\t\t<div class=\"elementor-element elementor-element-2fb0fd8 elementor-widget elementor-widget-image\" data-id=\"2fb0fd8\" data-element_type=\"widget\" data-e-type=\"widget\" data-widget_type=\"image.default\">\n\t\t\t\t\t\t\t\t\t\t\t\t\t\t\t<img decoding=\"async\" width=\"428\" height=\"250\" src=\"https:\/\/lemezmunka.com\/wp-content\/uploads\/2023\/12\/project-details-2.jpg\" class=\"attachment-large size-large wp-image-81\" alt=\"\" srcset=\"https:\/\/lemezmunka.com\/wp-content\/uploads\/2023\/12\/project-details-2.jpg 428w, https:\/\/lemezmunka.com\/wp-content\/uploads\/2023\/12\/project-details-2-300x175.jpg 300w\" sizes=\"(max-width: 428px) 100vw, 428px\" \/>\t\t\t\t\t\t\t\t\t\t\t\t\t\t\t<\/div>\n\t\t\t\t<\/div>\n\t\t<div class=\"elementor-element elementor-element-12c0dd1 e-con-full e-flex e-con e-child\" data-id=\"12c0dd1\" data-element_type=\"container\" data-e-type=\"container\">\n\t\t\t\t<div class=\"elementor-element elementor-element-15fe6a5 elementor-align-start elementor-icon-list--layout-traditional elementor-list-item-link-full_width elementor-widget elementor-widget-icon-list\" data-id=\"15fe6a5\" data-element_type=\"widget\" data-e-type=\"widget\" data-widget_type=\"icon-list.default\">\n\t\t\t\t\t\t\t<ul class=\"elementor-icon-list-items\">\n\t\t\t\t\t\t\t<li class=\"elementor-icon-list-item\">\n\t\t\t\t\t\t\t\t\t\t\t<span class=\"elementor-icon-list-icon\">\n\t\t\t\t\t\t\t<i aria-hidden=\"true\" class=\" icon-round-check\"><\/i>\t\t\t\t\t\t<\/span>\n\t\t\t\t\t\t\t\t\t\t<span class=\"elementor-icon-list-text\">Roof Renovation<\/span>\n\t\t\t\t\t\t\t\t\t<\/li>\n\t\t\t\t\t\t\t\t<li class=\"elementor-icon-list-item\">\n\t\t\t\t\t\t\t\t\t\t\t<span class=\"elementor-icon-list-icon\">\n\t\t\t\t\t\t\t<i aria-hidden=\"true\" class=\" icon-round-check\"><\/i>\t\t\t\t\t\t<\/span>\n\t\t\t\t\t\t\t\t\t\t<span class=\"elementor-icon-list-text\">Roof Installation<\/span>\n\t\t\t\t\t\t\t\t\t<\/li>\n\t\t\t\t\t\t\t\t<li class=\"elementor-icon-list-item\">\n\t\t\t\t\t\t\t\t\t\t\t<span class=\"elementor-icon-list-icon\">\n\t\t\t\t\t\t\t<i aria-hidden=\"true\" class=\" icon-round-check\"><\/i>\t\t\t\t\t\t<\/span>\n\t\t\t\t\t\t\t\t\t\t<span class=\"elementor-icon-list-text\">Modified Roofing<\/span>\n\t\t\t\t\t\t\t\t\t<\/li>\n\t\t\t\t\t\t\t\t<li class=\"elementor-icon-list-item\">\n\t\t\t\t\t\t\t\t\t\t\t<span class=\"elementor-icon-list-icon\">\n\t\t\t\t\t\t\t<i aria-hidden=\"true\" class=\" icon-round-check\"><\/i>\t\t\t\t\t\t<\/span>\n\t\t\t\t\t\t\t\t\t\t<span class=\"elementor-icon-list-text\">Roof Repair<\/span>\n\t\t\t\t\t\t\t\t\t<\/li>\n\t\t\t\t\t\t\t\t<li class=\"elementor-icon-list-item\">\n\t\t\t\t\t\t\t\t\t\t\t<span class=\"elementor-icon-list-icon\">\n\t\t\t\t\t\t\t<i aria-hidden=\"true\" class=\" icon-round-check\"><\/i>\t\t\t\t\t\t<\/span>\n\t\t\t\t\t\t\t\t\t\t<span class=\"elementor-icon-list-text\">Fixing Roofing<\/span>\n\t\t\t\t\t\t\t\t\t<\/li>\n\t\t\t\t\t\t\t\t<li class=\"elementor-icon-list-item\">\n\t\t\t\t\t\t\t\t\t\t\t<span class=\"elementor-icon-list-icon\">\n\t\t\t\t\t\t\t<i aria-hidden=\"true\" class=\" icon-round-check\"><\/i>\t\t\t\t\t\t<\/span>\n\t\t\t\t\t\t\t\t\t\t<span class=\"elementor-icon-list-text\">Roof Animation<\/span>\n\t\t\t\t\t\t\t\t\t<\/li>\n\t\t\t\t\t\t<\/ul>\n\t\t\t\t\t\t<\/div>\n\t\t\t\t<\/div>\n\t\t\t\t\t<\/div>\n\t\t\t\t<\/div>\n\t\t\t\t<div class=\"elementor-element elementor-element-2d1fa05 elementor-widget elementor-widget-heading\" data-id=\"2d1fa05\" data-element_type=\"widget\" data-e-type=\"widget\" data-widget_type=\"heading.default\">\n\t\t\t\t\t<h4 class=\"elementor-heading-title elementor-size-default\">The Final View Of Project<\/h4>\t\t\t\t<\/div>\n\t\t\t\t<div class=\"elementor-element elementor-element-a0487d3 elementor-widget elementor-widget-text-editor\" data-id=\"a0487d3\" data-element_type=\"widget\" data-e-type=\"widget\" data-widget_type=\"text-editor.default\">\n\t\t\t\t\t\t\t\t\t<p>lacus sed pretium pretium justo. Integer vitae venenatis lorem. Maecenas lacinia turpis the in nunc quam hendrerit scelerisque at finibus enim sagittis. Aliquam erat is volutpat nam nec purus at is orci volutpat is semper vel id turpis In a malesuada arcu ac hendrerit metus.<\/p>\t\t\t\t\t\t\t\t<\/div>\n\t\t\t\t<div class=\"elementor-element elementor-element-9142d23 elementor-widget elementor-widget-video\" data-id=\"9142d23\" data-element_type=\"widget\" data-e-type=\"widget\" data-settings=\"{&quot;youtube_url&quot;:&quot;https:\\\/\\\/www.youtube.com\\\/watch?v=XHOmBV4js_E&quot;,&quot;show_image_overlay&quot;:&quot;yes&quot;,&quot;image_overlay&quot;:{&quot;url&quot;:&quot;https:\\\/\\\/gramentheme.com\\\/wp\\\/gramen\\\/wp-content\\\/uploads\\\/2023\\\/12\\\/project-details-3.jpg&quot;,&quot;id&quot;:82,&quot;size&quot;:&quot;&quot;,&quot;alt&quot;:&quot;&quot;,&quot;source&quot;:&quot;library&quot;},&quot;lightbox&quot;:&quot;yes&quot;,&quot;video_type&quot;:&quot;youtube&quot;,&quot;controls&quot;:&quot;yes&quot;}\" data-widget_type=\"video.default\">\n\t\t\t\t\t\t\t<div class=\"elementor-wrapper elementor-open-lightbox\">\n\t\t\t\t\t\t\t<div class=\"elementor-custom-embed-image-overlay\" data-elementor-open-lightbox=\"yes\" data-elementor-lightbox=\"{&quot;type&quot;:&quot;video&quot;,&quot;videoType&quot;:&quot;youtube&quot;,&quot;url&quot;:&quot;https:\\\/\\\/www.youtube.com\\\/embed\\\/XHOmBV4js_E?feature=oembed&amp;start&amp;end&amp;wmode=opaque&amp;loop=0&amp;controls=1&amp;mute=0&amp;rel=0&amp;cc_load_policy=0&quot;,&quot;autoplay&quot;:&quot;&quot;,&quot;modalOptions&quot;:{&quot;id&quot;:&quot;elementor-lightbox-9142d23&quot;,&quot;entranceAnimation&quot;:&quot;&quot;,&quot;entranceAnimation_tablet&quot;:&quot;&quot;,&quot;entranceAnimation_mobile&quot;:&quot;&quot;,&quot;videoAspectRatio&quot;:&quot;169&quot;}}\" data-e-action-hash=\"#elementor-action%3Aaction%3Dlightbox%26settings%3DeyJ0eXBlIjoidmlkZW8iLCJ2aWRlb1R5cGUiOiJ5b3V0dWJlIiwidXJsIjoiaHR0cHM6XC9cL3d3dy55b3V0dWJlLmNvbVwvZW1iZWRcL1hIT21CVjRqc19FP2ZlYXR1cmU9b2VtYmVkJnN0YXJ0JmVuZCZ3bW9kZT1vcGFxdWUmbG9vcD0wJmNvbnRyb2xzPTEmbXV0ZT0wJnJlbD0wJmNjX2xvYWRfcG9saWN5PTAiLCJhdXRvcGxheSI6IiIsIm1vZGFsT3B0aW9ucyI6eyJpZCI6ImVsZW1lbnRvci1saWdodGJveC05MTQyZDIzIiwiZW50cmFuY2VBbmltYXRpb24iOiIiLCJlbnRyYW5jZUFuaW1hdGlvbl90YWJsZXQiOiIiLCJlbnRyYW5jZUFuaW1hdGlvbl9tb2JpbGUiOiIiLCJ2aWRlb0FzcGVjdFJhdGlvIjoiMTY5In19\">\n\t\t\t\t\t\t\t\t\t\t\t<img decoding=\"async\" width=\"750\" height=\"350\" src=\"https:\/\/lemezmunka.com\/wp-content\/uploads\/2023\/12\/project-details-3.jpg\" class=\"attachment-full size-full wp-image-82\" alt=\"\" srcset=\"https:\/\/lemezmunka.com\/wp-content\/uploads\/2023\/12\/project-details-3.jpg 750w, https:\/\/lemezmunka.com\/wp-content\/uploads\/2023\/12\/project-details-3-300x140.jpg 300w\" sizes=\"(max-width: 750px) 100vw, 750px\" \/>\t\t\t\t\t\t\t\t\t\t\t\t\t\t\t\t<div class=\"elementor-custom-embed-play\" role=\"button\" aria-label=\"Vide\u00f3 lej\u00e1tsz\u00e1sa\" tabindex=\"0\">\n\t\t\t\t\t\t\t<svg aria-hidden=\"true\" class=\"e-font-icon-svg e-eicon-play\" viewBox=\"0 0 1000 1000\" xmlns=\"http:\/\/www.w3.org\/2000\/svg\"><path d=\"M838 162C746 71 633 25 500 25 371 25 258 71 163 162 71 254 25 367 25 500 25 633 71 746 163 837 254 929 367 979 500 979 633 979 746 933 838 837 929 746 975 633 975 500 975 367 929 254 838 162M808 192C892 279 933 379 933 500 933 621 892 725 808 808 725 892 621 938 500 938 379 938 279 896 196 808 113 725 67 621 67 500 67 379 108 279 196 192 279 108 383 62 500 62 621 62 721 108 808 192M438 392V642L642 517 438 392Z\"><\/path><\/svg>\t\t\t\t\t\t<\/div>\n\t\t\t\t\t\t\t\t\t<\/div>\n\t\t\t\t\t<\/div>\n\t\t\t\t\t\t<\/div>\n\t\t\t\t<\/div>\n\t\t<div class=\"elementor-element elementor-element-8047656 e-con-full e-flex e-con e-child\" data-id=\"8047656\" data-element_type=\"container\" data-e-type=\"container\">\n\t\t\t\t<div class=\"elementor-element elementor-element-3ef7765 elementor-widget elementor-widget-service_sidebar\" data-id=\"3ef7765\" data-element_type=\"widget\" data-e-type=\"widget\" data-widget_type=\"service_sidebar.default\">\n\t\t\t\t<div class=\"elementor-widget-container\">\n\t\t\t\t\t\r\n\r\n\t <script>\r\n jQuery(document).ready(function($) {\r\n\r\n\/\/write js code under this line \r\n\r\n\r\n\r\n\/\/write code above the line \r\n\r\n  });\r\n<\/script>\r\n\r\n<div class=\"service-widget-1 mb-30\">\r\n\t<h5>Main Services<\/h5>\r\n\t<ul>\r\n\t\t\t\t\t\t<li ><a class=\"active\" href=\"\/wp\/gramen\/portfolios\/roof-renovation\/\">\r\n\t\t\t\t<span>Roof Renovation<\/span>\r\n\t\t\t\t<span><i class=\"icon-arrow-right-double\"><\/i><\/span>\r\n\t\t\t<\/a>\r\n\t\t<\/li>\r\n\t\t\r\n\t\t\t\t\t\t\t\t\r\n\t\t<li><a href=\"\/wp\/gramen\/portfolios\/roof-installation\/\">\r\n\t\t\t\t<span>Roof Installation<\/span>\r\n\t\t\t\t<span><i class=\"icon-arrow-right-double\"><\/i><\/span>\r\n\t\t\t<\/a>\r\n\t\t<\/li>\r\n\t\t\t\t\t\t\t\t\r\n\t\t<li><a href=\"\/wp\/gramen\/portfolios\/modified-roofing\/\">\r\n\t\t\t\t<span>Modified Roofing<\/span>\r\n\t\t\t\t<span><i class=\"icon-arrow-right-double\"><\/i><\/span>\r\n\t\t\t<\/a>\r\n\t\t<\/li>\r\n\t\t\t\t\t\t\t\t\r\n\t\t<li><a href=\"\/wp\/gramen\/portfolios\/damage-repair\/\">\r\n\t\t\t\t<span>Damage Repair<\/span>\r\n\t\t\t\t<span><i class=\"icon-arrow-right-double\"><\/i><\/span>\r\n\t\t\t<\/a>\r\n\t\t<\/li>\r\n\t\t\t\t\t\t\t\t\r\n\t\t<li><a href=\"\/wp\/gramen\/portfolios\/roof-cornering\/\">\r\n\t\t\t\t<span>Roof Cornering<\/span>\r\n\t\t\t\t<span><i class=\"icon-arrow-right-double\"><\/i><\/span>\r\n\t\t\t<\/a>\r\n\t\t<\/li>\r\n\t\t\t\t\t<\/ul>\r\n<\/div>\r\n\r\n\r\n\r\n\r\n\r\n\r\n\r\n             \r\n\t\t\t\t\t\t<\/div>\n\t\t\t\t<\/div>\n\t\t\t\t<div class=\"elementor-element elementor-element-043ee37 elementor-widget elementor-widget-service_sidebar_cta\" data-id=\"043ee37\" data-element_type=\"widget\" data-e-type=\"widget\" data-widget_type=\"service_sidebar_cta.default\">\n\t\t\t\t<div class=\"elementor-widget-container\">\n\t\t\t\t\t\r\n\r\n\t <script>\r\n jQuery(document).ready(function($) {\r\n\r\n\/\/write js code under this line \r\n\r\n\r\n\r\n\/\/write code above the line \r\n\r\n  });\r\n<\/script>\r\n<div class=\"service-widget-2\">\r\n\t<figure class=\"w-img\">\r\n\t   \r\n\t\t<img decoding=\"async\" src=\"https:\/\/lemezmunka.com\/wp-content\/uploads\/2023\/12\/service-widget-1.jpg\" alt=\"\"\/>\r\n\t\t<\/figure>\r\n\t<div class=\"content bg-color-1 text-center\">\r\n\t<div class=\"icon-box p-relative\">\r\n\t\t<i class=\"fal fa-phone-volume\"><\/i>\r\n\t<\/div>\r\n\t<h5>Need Help? Call Here<\/h5>\r\n\t<a class=\"pt-25 pb-25 phone\" href=\"tel:2085550112\">+208-555-0112<\/a>\r\n\t<div class=\"btn-box\">\r\n\t\t<a class=\"primary-btn-1 btn-hover\" href=\"\/gramen\/contact\/\">\r\n\t\tGET A QUOTE &nbsp; | <i class=\"icon-right-arrow\"><\/i>\r\n\t\t\t<span style=\"top: 147.172px; left: 108.5px;\"><\/span>\r\n\t\t<\/a>\r\n\t<\/div>\r\n\t<\/div>\r\n<\/div>\r\n\r\n\r\n             \r\n\t\t\t\t\t\t<\/div>\n\t\t\t\t<\/div>\n\t\t<div class=\"elementor-element elementor-element-905aa15 e-con-full e-flex e-con e-child\" data-id=\"905aa15\" data-element_type=\"container\" data-e-type=\"container\" data-settings=\"{&quot;background_background&quot;:&quot;classic&quot;}\">\n\t\t<div class=\"elementor-element elementor-element-5de3979 e-con-full e-flex e-con e-child\" data-id=\"5de3979\" data-element_type=\"container\" data-e-type=\"container\">\n\t\t\t\t<div class=\"elementor-element elementor-element-52dd573 elementor-widget elementor-widget-heading\" data-id=\"52dd573\" data-element_type=\"widget\" data-e-type=\"widget\" data-widget_type=\"heading.default\">\n\t\t\t\t\t<h6 class=\"elementor-heading-title elementor-size-default\">Company File<\/h6>\t\t\t\t<\/div>\n\t\t\t\t<\/div>\n\t\t<div class=\"elementor-element elementor-element-66aefcd e-con-full e-flex e-con e-child\" data-id=\"66aefcd\" data-element_type=\"container\" data-e-type=\"container\">\n\t\t\t\t<div class=\"elementor-element elementor-element-cfe921f elementor-view-default elementor-widget elementor-widget-icon\" data-id=\"cfe921f\" data-element_type=\"widget\" data-e-type=\"widget\" data-widget_type=\"icon.default\">\n\t\t\t\t\t\t\t<div class=\"elementor-icon-wrapper\">\n\t\t\t<a class=\"elementor-icon\" href=\"#\">\n\t\t\t<i aria-hidden=\"true\" class=\" icon-download\"><\/i>\t\t\t<\/a>\n\t\t<\/div>\n\t\t\t\t\t\t<\/div>\n\t\t\t\t<\/div>\n\t\t\t\t<\/div>\n\t\t\t\t<\/div>\n\t\t\t\t\t<\/div>\n\t\t\t\t<\/div>\n\t\t\t\t<\/div>\n\t\t","protected":false},"excerpt":{"rendered":"<p>Year: 2022-2023 Client: Robert Fox Category: Roof Renovation Location: Fot kde, USA Here To know about this project The is ipsum dolor sit amet consectetur adipiscing elit. Fusce is eleifend porta arcu In hac habitasse the platea thelorem turpoi dictumst. In lacus libero faucibus malesuada sagittis placerat eros sed istincidunt augue ac ante rutrum sed [&hellip;]<\/p>\n","protected":false},"author":1,"featured_media":0,"parent":0,"menu_order":0,"comment_status":"closed","ping_status":"closed","template":"elementor_header_footer","meta":{"inline_featured_image":false,"footnotes":""},"class_list":["post-1228","page","type-page","status-publish","hentry"],"_links":{"self":[{"href":"https:\/\/lemezmunka.com\/index.php\/wp-json\/wp\/v2\/pages\/1228","targetHints":{"allow":["GET"]}}],"collection":[{"href":"https:\/\/lemezmunka.com\/index.php\/wp-json\/wp\/v2\/pages"}],"about":[{"href":"https:\/\/lemezmunka.com\/index.php\/wp-json\/wp\/v2\/types\/page"}],"author":[{"embeddable":true,"href":"https:\/\/lemezmunka.com\/index.php\/wp-json\/wp\/v2\/users\/1"}],"replies":[{"embeddable":true,"href":"https:\/\/lemezmunka.com\/index.php\/wp-json\/wp\/v2\/comments?post=1228"}],"version-history":[{"count":1,"href":"https:\/\/lemezmunka.com\/index.php\/wp-json\/wp\/v2\/pages\/1228\/revisions"}],"predecessor-version":[{"id":2299,"href":"https:\/\/lemezmunka.com\/index.php\/wp-json\/wp\/v2\/pages\/1228\/revisions\/2299"}],"wp:attachment":[{"href":"https:\/\/lemezmunka.com\/index.php\/wp-json\/wp\/v2\/media?parent=1228"}],"curies":[{"name":"wp","href":"https:\/\/api.w.org\/{rel}","templated":true}]}}